{"id":15,"date":"2025-05-09T14:29:46","date_gmt":"2025-05-09T17:29:46","guid":{"rendered":"https:\/\/mallet.letsite.com.br\/?page_id=15"},"modified":"2025-08-21T14:35:48","modified_gmt":"2025-08-21T17:35:48","slug":"sobre-nos","status":"publish","type":"page","link":"https:\/\/mallet.adv.br\/en\/sobre-nos\/","title":{"rendered":"About us"},"content":{"rendered":"<p><\/p>\n<h2>The team is the heart and soul of Mallet<\/h2>\n<p>which is why we provide our employees with working conditions that allow them to balance family life and professional development. The environments are comfortable, elegant, and ergonomic. Software and hardware resources are constantly updated and monitored, including those installed in the cloud. LGPD and confidentiality rules are disclosed and respected. We promote regular updates, study groups, systemic training and seminars on various topics, both internally and externally. In addition to events, social gatherings and the daily company of a friendly mascot: <strong>Norma Jur\u00eddica<\/strong>, always ready and willing to assist the team and customers.<\/p>","protected":false},"excerpt":{"rendered":"<p>We promote social responsibility through intense pro bono and philanthropic activities. We contribute to the well-being of our employees and their families, as well as to the constant evolution of social causes, in a calm and always discreet manner, a characteristic that we have preserved since our foundation.<\/p>\n","protected":false},"author":1,"featured_media":258,"parent":0,"menu_order":0,"comment_status":"closed","ping_status":"closed","template":"page-sobre.php","meta":{"_acf_changed":false,"footnotes":""},"class_list":["post-15","page","type-page","status-publish","has-post-thumbnail","hentry"],"acf":[],"yoast_head":"<!-- This site is optimized with the Yoast SEO plugin v26.3 - https:\/\/yoast.com\/wordpress\/plugins\/seo\/ -->\n<title>About us - Mallet Advogados<\/title>\n<meta name=\"robots\" content=\"index, follow, max-snippet:-1, max-image-preview:large, max-video-preview:-1\" \/>\n<link rel=\"canonical\" href=\"https:\/\/mallet.adv.br\/sobre-nos\/\" \/>\n<meta property=\"og:locale\" content=\"en_US\" \/>\n<meta property=\"og:type\" content=\"article\" \/>\n<meta property=\"og:title\" content=\"[:pb]Sobre n\u00f3s[:en]About us[:fr]\u00c0 propos de nous[:] - Mallet Advogados\" \/>\n<meta property=\"og:description\" content=\"[:pb]Promovemos a responsabilidade social com o desenvolvimento de intensa atividade pro bono e filantr\u00f3pica. Contribu\u00edmos para o bem-estar de nossos colaboradores e de suas fam\u00edlias, bem como para a constante evolu\u00e7\u00e3o das causas sociais, de forma serena e sempre discreta, caracter\u00edstica que preservamos desde a nossa funda\u00e7\u00e3o.[:en] We promote social responsibility through intense pro bono and philanthropic activities. We contribute to the well-being of our employees and their families, as well as to the constant evolution of social causes, in a calm and always discreet manner, a characteristic that we have preserved since our foundation.[:fr]Nous encourageons la responsabilit\u00e9 sociale en d\u00e9veloppant une intense activit\u00e9 pro bono et philanthropique. Nous contribuons au bien-\u00eatre de nos collaborateurs et de leurs familles, ainsi qu&#039;\u00e0 l&#039;\u00e9volution constante des causes sociales, de mani\u00e8re sereine et toujours discr\u00e8te, une caract\u00e9ristique que nous pr\u00e9servons depuis notre cr\u00e9ation.[:]\" \/>\n<meta property=\"og:url\" content=\"https:\/\/mallet.adv.br\/sobre-nos\/\" \/>\n<meta property=\"og:site_name\" content=\"Mallet Advogados\" \/>\n<meta property=\"article:modified_time\" content=\"2025-08-21T17:35:48+00:00\" \/>\n<meta property=\"og:image\" content=\"https:\/\/mallet.adv.br\/wp-content\/uploads\/2025\/07\/foto-17.jpg\" \/>\n\t<meta property=\"og:image:width\" content=\"1820\" \/>\n\t<meta property=\"og:image:height\" content=\"1024\" \/>\n\t<meta property=\"og:image:type\" content=\"image\/jpeg\" \/>\n<meta name=\"twitter:card\" content=\"summary_large_image\" \/>\n<meta name=\"twitter:label1\" content=\"Est. reading time\" \/>\n\t<meta name=\"twitter:data1\" content=\"2 minutes\" \/>\n<script type=\"application\/ld+json\" class=\"yoast-schema-graph\">{\"@context\":\"https:\/\/schema.org\",\"@graph\":[{\"@type\":\"WebPage\",\"@id\":\"https:\/\/mallet.adv.br\/sobre-nos\/\",\"url\":\"https:\/\/mallet.adv.br\/sobre-nos\/\",\"name\":\"[:pb]Sobre n\u00f3s[:en]About us[:fr]\u00c0 propos de nous[:] - Mallet Advogados\",\"isPartOf\":{\"@id\":\"https:\/\/mallet.adv.br\/#website\"},\"primaryImageOfPage\":{\"@id\":\"https:\/\/mallet.adv.br\/sobre-nos\/#primaryimage\"},\"image\":{\"@id\":\"https:\/\/mallet.adv.br\/sobre-nos\/#primaryimage\"},\"thumbnailUrl\":\"https:\/\/mallet.adv.br\/wp-content\/uploads\/2025\/07\/foto-17.jpg\",\"datePublished\":\"2025-05-09T17:29:46+00:00\",\"dateModified\":\"2025-08-21T17:35:48+00:00\",\"breadcrumb\":{\"@id\":\"https:\/\/mallet.adv.br\/sobre-nos\/#breadcrumb\"},\"inLanguage\":\"en-US\",\"potentialAction\":[{\"@type\":\"ReadAction\",\"target\":[\"https:\/\/mallet.adv.br\/sobre-nos\/\"]}]},{\"@type\":\"ImageObject\",\"inLanguage\":\"en-US\",\"@id\":\"https:\/\/mallet.adv.br\/sobre-nos\/#primaryimage\",\"url\":\"https:\/\/mallet.adv.br\/wp-content\/uploads\/2025\/07\/foto-17.jpg\",\"contentUrl\":\"https:\/\/mallet.adv.br\/wp-content\/uploads\/2025\/07\/foto-17.jpg\",\"width\":1820,\"height\":1024},{\"@type\":\"BreadcrumbList\",\"@id\":\"https:\/\/mallet.adv.br\/sobre-nos\/#breadcrumb\",\"itemListElement\":[{\"@type\":\"ListItem\",\"position\":1,\"name\":\"In\u00edcio\",\"item\":\"https:\/\/mallet.adv.br\/\"},{\"@type\":\"ListItem\",\"position\":2,\"name\":\"Sobre n\u00f3s\"}]},{\"@type\":\"WebSite\",\"@id\":\"https:\/\/mallet.adv.br\/#website\",\"url\":\"https:\/\/mallet.adv.br\/\",\"name\":\"Mallet Advogados\",\"description\":\"\",\"publisher\":{\"@id\":\"https:\/\/mallet.adv.br\/#organization\"},\"potentialAction\":[{\"@type\":\"SearchAction\",\"target\":{\"@type\":\"EntryPoint\",\"urlTemplate\":\"https:\/\/mallet.adv.br\/?s={search_term_string}\"},\"query-input\":{\"@type\":\"PropertyValueSpecification\",\"valueRequired\":true,\"valueName\":\"search_term_string\"}}],\"inLanguage\":\"en-US\"},{\"@type\":\"Organization\",\"@id\":\"https:\/\/mallet.adv.br\/#organization\",\"name\":\"Mallet Advogados\",\"url\":\"https:\/\/mallet.adv.br\/\",\"logo\":{\"@type\":\"ImageObject\",\"inLanguage\":\"en-US\",\"@id\":\"https:\/\/mallet.adv.br\/#\/schema\/logo\/image\/\",\"url\":\"https:\/\/mallet.adv.br\/wp-content\/uploads\/2025\/11\/Logo_Mallet_Buscadores.jpg\",\"contentUrl\":\"https:\/\/mallet.adv.br\/wp-content\/uploads\/2025\/11\/Logo_Mallet_Buscadores.jpg\",\"width\":500,\"height\":500,\"caption\":\"Mallet Advogados\"},\"image\":{\"@id\":\"https:\/\/mallet.adv.br\/#\/schema\/logo\/image\/\"},\"sameAs\":[\"https:\/\/www.linkedin.com\/company\/mallet-advogados-e-associados\/\"]}]}<\/script>\n<!-- \/ Yoast SEO plugin. -->","yoast_head_json":{"title":"[:pb]Sobre n\u00f3s[:en]About us[:fr]\u00c0 propos de nous[:] - Mallet Advogados","robots":{"index":"index","follow":"follow","max-snippet":"max-snippet:-1","max-image-preview":"max-image-preview:large","max-video-preview":"max-video-preview:-1"},"canonical":"https:\/\/mallet.adv.br\/sobre-nos\/","og_locale":"en_US","og_type":"article","og_title":"[:pb]Sobre n\u00f3s[:en]About us[:fr]\u00c0 propos de nous[:] - Mallet Advogados","og_description":"[:pb]Promovemos a responsabilidade social com o desenvolvimento de intensa atividade pro bono e filantr\u00f3pica. Contribu\u00edmos para o bem-estar de nossos colaboradores e de suas fam\u00edlias, bem como para a constante evolu\u00e7\u00e3o das causas sociais, de forma serena e sempre discreta, caracter\u00edstica que preservamos desde a nossa funda\u00e7\u00e3o.[:en] We promote social responsibility through intense pro bono and philanthropic activities. We contribute to the well-being of our employees and their families, as well as to the constant evolution of social causes, in a calm and always discreet manner, a characteristic that we have preserved since our foundation.[:fr]Nous encourageons la responsabilit\u00e9 sociale en d\u00e9veloppant une intense activit\u00e9 pro bono et philanthropique. Nous contribuons au bien-\u00eatre de nos collaborateurs et de leurs familles, ainsi qu'\u00e0 l'\u00e9volution constante des causes sociales, de mani\u00e8re sereine et toujours discr\u00e8te, une caract\u00e9ristique que nous pr\u00e9servons depuis notre cr\u00e9ation.[:]","og_url":"https:\/\/mallet.adv.br\/sobre-nos\/","og_site_name":"Mallet Advogados","article_modified_time":"2025-08-21T17:35:48+00:00","og_image":[{"width":1820,"height":1024,"url":"https:\/\/mallet.adv.br\/wp-content\/uploads\/2025\/07\/foto-17.jpg","type":"image\/jpeg"}],"twitter_card":"summary_large_image","twitter_misc":{"Est. reading time":"2 minutes"},"schema":{"@context":"https:\/\/schema.org","@graph":[{"@type":"WebPage","@id":"https:\/\/mallet.adv.br\/sobre-nos\/","url":"https:\/\/mallet.adv.br\/sobre-nos\/","name":"[:pb]Sobre n\u00f3s[:en]About us[:fr]\u00c0 propos de nous[:] - Mallet Advogados","isPartOf":{"@id":"https:\/\/mallet.adv.br\/#website"},"primaryImageOfPage":{"@id":"https:\/\/mallet.adv.br\/sobre-nos\/#primaryimage"},"image":{"@id":"https:\/\/mallet.adv.br\/sobre-nos\/#primaryimage"},"thumbnailUrl":"https:\/\/mallet.adv.br\/wp-content\/uploads\/2025\/07\/foto-17.jpg","datePublished":"2025-05-09T17:29:46+00:00","dateModified":"2025-08-21T17:35:48+00:00","breadcrumb":{"@id":"https:\/\/mallet.adv.br\/sobre-nos\/#breadcrumb"},"inLanguage":"en-US","potentialAction":[{"@type":"ReadAction","target":["https:\/\/mallet.adv.br\/sobre-nos\/"]}]},{"@type":"ImageObject","inLanguage":"en-US","@id":"https:\/\/mallet.adv.br\/sobre-nos\/#primaryimage","url":"https:\/\/mallet.adv.br\/wp-content\/uploads\/2025\/07\/foto-17.jpg","contentUrl":"https:\/\/mallet.adv.br\/wp-content\/uploads\/2025\/07\/foto-17.jpg","width":1820,"height":1024},{"@type":"BreadcrumbList","@id":"https:\/\/mallet.adv.br\/sobre-nos\/#breadcrumb","itemListElement":[{"@type":"ListItem","position":1,"name":"In\u00edcio","item":"https:\/\/mallet.adv.br\/"},{"@type":"ListItem","position":2,"name":"Sobre n\u00f3s"}]},{"@type":"WebSite","@id":"https:\/\/mallet.adv.br\/#website","url":"https:\/\/mallet.adv.br\/","name":"Mallet Advogados","description":"","publisher":{"@id":"https:\/\/mallet.adv.br\/#organization"},"potentialAction":[{"@type":"SearchAction","target":{"@type":"EntryPoint","urlTemplate":"https:\/\/mallet.adv.br\/?s={search_term_string}"},"query-input":{"@type":"PropertyValueSpecification","valueRequired":true,"valueName":"search_term_string"}}],"inLanguage":"en-US"},{"@type":"Organization","@id":"https:\/\/mallet.adv.br\/#organization","name":"Mallet Advogados","url":"https:\/\/mallet.adv.br\/","logo":{"@type":"ImageObject","inLanguage":"en-US","@id":"https:\/\/mallet.adv.br\/#\/schema\/logo\/image\/","url":"https:\/\/mallet.adv.br\/wp-content\/uploads\/2025\/11\/Logo_Mallet_Buscadores.jpg","contentUrl":"https:\/\/mallet.adv.br\/wp-content\/uploads\/2025\/11\/Logo_Mallet_Buscadores.jpg","width":500,"height":500,"caption":"Mallet Advogados"},"image":{"@id":"https:\/\/mallet.adv.br\/#\/schema\/logo\/image\/"},"sameAs":["https:\/\/www.linkedin.com\/company\/mallet-advogados-e-associados\/"]}]}},"_links":{"self":[{"href":"https:\/\/mallet.adv.br\/en\/wp-json\/wp\/v2\/pages\/15","targetHints":{"allow":["GET"]}}],"collection":[{"href":"https:\/\/mallet.adv.br\/en\/wp-json\/wp\/v2\/pages"}],"about":[{"href":"https:\/\/mallet.adv.br\/en\/wp-json\/wp\/v2\/types\/page"}],"author":[{"embeddable":true,"href":"https:\/\/mallet.adv.br\/en\/wp-json\/wp\/v2\/users\/1"}],"replies":[{"embeddable":true,"href":"https:\/\/mallet.adv.br\/en\/wp-json\/wp\/v2\/comments?post=15"}],"version-history":[{"count":29,"href":"https:\/\/mallet.adv.br\/en\/wp-json\/wp\/v2\/pages\/15\/revisions"}],"predecessor-version":[{"id":21027,"href":"https:\/\/mallet.adv.br\/en\/wp-json\/wp\/v2\/pages\/15\/revisions\/21027"}],"wp:featuredmedia":[{"embeddable":true,"href":"https:\/\/mallet.adv.br\/en\/wp-json\/wp\/v2\/media\/258"}],"wp:attachment":[{"href":"https:\/\/mallet.adv.br\/en\/wp-json\/wp\/v2\/media?parent=15"}],"curies":[{"name":"wp","href":"https:\/\/api.w.org\/{rel}","templated":true}]}}