{"id":13,"date":"2025-05-09T14:29:38","date_gmt":"2025-05-09T17:29:38","guid":{"rendered":"https:\/\/mallet.letsite.com.br\/?page_id=13"},"modified":"2025-11-04T08:47:07","modified_gmt":"2025-11-04T11:47:07","slug":"home","status":"publish","type":"page","link":"https:\/\/mallet.adv.br\/en\/","title":{"rendered":"Home"},"content":{"rendered":"","protected":false},"excerpt":{"rendered":"<p>Its work in the areas of consulting, litigation, trade unions and arbitration aims to achieve a balance of power. <strong>Mallet Advogados<\/strong> seeks, whenever possible, to avoid litigation that wears down and burdens its clients and society. All work is supervised and coordinated by experienced lawyers and partners.<\/p>\n","protected":false},"author":1,"featured_media":0,"parent":0,"menu_order":0,"comment_status":"closed","ping_status":"closed","template":"index.php","meta":{"_acf_changed":false,"footnotes":""},"class_list":["post-13","page","type-page","status-publish","hentry"],"acf":[],"yoast_head":"<!-- This site is optimized with the Yoast SEO plugin v26.3 - https:\/\/yoast.com\/wordpress\/plugins\/seo\/ -->\n<title>Mallet Advogados<\/title>\n<meta name=\"robots\" content=\"index, follow, max-snippet:-1, max-image-preview:large, max-video-preview:-1\" \/>\n<link rel=\"canonical\" href=\"https:\/\/mallet.adv.br\/\" \/>\n<meta property=\"og:locale\" content=\"en_US\" \/>\n<meta property=\"og:type\" content=\"article\" \/>\n<meta property=\"og:title\" content=\"Mallet Advogados\" \/>\n<meta property=\"og:description\" content=\"[:pb] A sua atua\u00e7\u00e3o, na \u00e1rea consultiva, contenciosa, sindical e arbitral, visa o equil\u00edbrio das for\u00e7as. O Mallet Advogados procura, sempre que poss\u00edvel, evitar lit\u00edgios que desgastam e oneram os seus clientes e a sociedade. Todos os trabalhos desenvolvidos s\u00e3o supervisionados e coordenados por advogados experientes e pelos s\u00f3cios.[:en]Its work in the areas of consulting, litigation, trade unions and arbitration aims to achieve a balance of power. Mallet Advogados seeks, whenever possible, to avoid litigation that wears down and burdens its clients and society. All work is supervised and coordinated by experienced lawyers and partners.[:fr]Son action, dans les domaines du conseil, du contentieux, du droit syndical et de l&#039;arbitrage, vise \u00e0 \u00e9tablir un \u00e9quilibre des forces. Mallet Advogados cherche, dans la mesure du possible, \u00e9viter les litiges qui \u00e9puisent et co\u00fbtent cher \u00e0 ses clients et \u00e0 la soci\u00e9t\u00e9. Tous les travaux r\u00e9alis\u00e9s sont supervis\u00e9s et coordonn\u00e9s par des avocats exp\u00e9riment\u00e9s et par les associ\u00e9s.[:]\" \/>\n<meta property=\"og:url\" content=\"https:\/\/mallet.adv.br\/\" \/>\n<meta property=\"og:site_name\" content=\"Mallet Advogados\" \/>\n<meta property=\"article:modified_time\" content=\"2025-11-04T11:47:07+00:00\" \/>\n<meta property=\"og:image\" content=\"https:\/\/mallet.adv.br\/wp-content\/uploads\/2025\/11\/Logo_Mallet_Buscadores.jpg\" \/>\n\t<meta property=\"og:image:width\" content=\"500\" \/>\n\t<meta property=\"og:image:height\" content=\"500\" \/>\n\t<meta property=\"og:image:type\" content=\"image\/jpeg\" \/>\n<meta name=\"twitter:card\" content=\"summary_large_image\" \/>\n<script type=\"application\/ld+json\" class=\"yoast-schema-graph\">{\"@context\":\"https:\/\/schema.org\",\"@graph\":[{\"@type\":\"WebPage\",\"@id\":\"https:\/\/mallet.adv.br\/\",\"url\":\"https:\/\/mallet.adv.br\/\",\"name\":\"Mallet Advogados\",\"isPartOf\":{\"@id\":\"https:\/\/mallet.adv.br\/#website\"},\"datePublished\":\"2025-05-09T17:29:38+00:00\",\"dateModified\":\"2025-11-04T11:47:07+00:00\",\"breadcrumb\":{\"@id\":\"https:\/\/mallet.adv.br\/#breadcrumb\"},\"inLanguage\":\"en-US\",\"potentialAction\":[{\"@type\":\"ReadAction\",\"target\":[\"https:\/\/mallet.adv.br\/\"]}]},{\"@type\":\"BreadcrumbList\",\"@id\":\"https:\/\/mallet.adv.br\/#breadcrumb\",\"itemListElement\":[{\"@type\":\"ListItem\",\"position\":1,\"name\":\"In\u00edcio\",\"item\":\"https:\/\/mallet.adv.br\/\"},{\"@type\":\"ListItem\",\"position\":2,\"name\":\"Home\"}]},{\"@type\":\"WebSite\",\"@id\":\"https:\/\/mallet.adv.br\/#website\",\"url\":\"https:\/\/mallet.adv.br\/\",\"name\":\"Mallet Advogados\",\"description\":\"\",\"publisher\":{\"@id\":\"https:\/\/mallet.adv.br\/#organization\"},\"potentialAction\":[{\"@type\":\"SearchAction\",\"target\":{\"@type\":\"EntryPoint\",\"urlTemplate\":\"https:\/\/mallet.adv.br\/?s={search_term_string}\"},\"query-input\":{\"@type\":\"PropertyValueSpecification\",\"valueRequired\":true,\"valueName\":\"search_term_string\"}}],\"inLanguage\":\"en-US\"},{\"@type\":\"Organization\",\"@id\":\"https:\/\/mallet.adv.br\/#organization\",\"name\":\"Mallet Advogados\",\"url\":\"https:\/\/mallet.adv.br\/\",\"logo\":{\"@type\":\"ImageObject\",\"inLanguage\":\"en-US\",\"@id\":\"https:\/\/mallet.adv.br\/#\/schema\/logo\/image\/\",\"url\":\"https:\/\/mallet.adv.br\/wp-content\/uploads\/2025\/11\/Logo_Mallet_Buscadores.jpg\",\"contentUrl\":\"https:\/\/mallet.adv.br\/wp-content\/uploads\/2025\/11\/Logo_Mallet_Buscadores.jpg\",\"width\":500,\"height\":500,\"caption\":\"Mallet Advogados\"},\"image\":{\"@id\":\"https:\/\/mallet.adv.br\/#\/schema\/logo\/image\/\"},\"sameAs\":[\"https:\/\/www.linkedin.com\/company\/mallet-advogados-e-associados\/\"]}]}<\/script>\n<!-- \/ Yoast SEO plugin. -->","yoast_head_json":{"title":"Mallet Advogados","robots":{"index":"index","follow":"follow","max-snippet":"max-snippet:-1","max-image-preview":"max-image-preview:large","max-video-preview":"max-video-preview:-1"},"canonical":"https:\/\/mallet.adv.br\/","og_locale":"en_US","og_type":"article","og_title":"Mallet Advogados","og_description":"[:pb] A sua atua\u00e7\u00e3o, na \u00e1rea consultiva, contenciosa, sindical e arbitral, visa o equil\u00edbrio das for\u00e7as. O Mallet Advogados procura, sempre que poss\u00edvel, evitar lit\u00edgios que desgastam e oneram os seus clientes e a sociedade. Todos os trabalhos desenvolvidos s\u00e3o supervisionados e coordenados por advogados experientes e pelos s\u00f3cios.[:en]Its work in the areas of consulting, litigation, trade unions and arbitration aims to achieve a balance of power. Mallet Advogados seeks, whenever possible, to avoid litigation that wears down and burdens its clients and society. All work is supervised and coordinated by experienced lawyers and partners.[:fr]Son action, dans les domaines du conseil, du contentieux, du droit syndical et de l'arbitrage, vise \u00e0 \u00e9tablir un \u00e9quilibre des forces. Mallet Advogados cherche, dans la mesure du possible, \u00e9viter les litiges qui \u00e9puisent et co\u00fbtent cher \u00e0 ses clients et \u00e0 la soci\u00e9t\u00e9. Tous les travaux r\u00e9alis\u00e9s sont supervis\u00e9s et coordonn\u00e9s par des avocats exp\u00e9riment\u00e9s et par les associ\u00e9s.[:]","og_url":"https:\/\/mallet.adv.br\/","og_site_name":"Mallet Advogados","article_modified_time":"2025-11-04T11:47:07+00:00","og_image":[{"width":500,"height":500,"url":"https:\/\/mallet.adv.br\/wp-content\/uploads\/2025\/11\/Logo_Mallet_Buscadores.jpg","type":"image\/jpeg"}],"twitter_card":"summary_large_image","schema":{"@context":"https:\/\/schema.org","@graph":[{"@type":"WebPage","@id":"https:\/\/mallet.adv.br\/","url":"https:\/\/mallet.adv.br\/","name":"Mallet Advogados","isPartOf":{"@id":"https:\/\/mallet.adv.br\/#website"},"datePublished":"2025-05-09T17:29:38+00:00","dateModified":"2025-11-04T11:47:07+00:00","breadcrumb":{"@id":"https:\/\/mallet.adv.br\/#breadcrumb"},"inLanguage":"en-US","potentialAction":[{"@type":"ReadAction","target":["https:\/\/mallet.adv.br\/"]}]},{"@type":"BreadcrumbList","@id":"https:\/\/mallet.adv.br\/#breadcrumb","itemListElement":[{"@type":"ListItem","position":1,"name":"In\u00edcio","item":"https:\/\/mallet.adv.br\/"},{"@type":"ListItem","position":2,"name":"Home"}]},{"@type":"WebSite","@id":"https:\/\/mallet.adv.br\/#website","url":"https:\/\/mallet.adv.br\/","name":"Mallet Advogados","description":"","publisher":{"@id":"https:\/\/mallet.adv.br\/#organization"},"potentialAction":[{"@type":"SearchAction","target":{"@type":"EntryPoint","urlTemplate":"https:\/\/mallet.adv.br\/?s={search_term_string}"},"query-input":{"@type":"PropertyValueSpecification","valueRequired":true,"valueName":"search_term_string"}}],"inLanguage":"en-US"},{"@type":"Organization","@id":"https:\/\/mallet.adv.br\/#organization","name":"Mallet Advogados","url":"https:\/\/mallet.adv.br\/","logo":{"@type":"ImageObject","inLanguage":"en-US","@id":"https:\/\/mallet.adv.br\/#\/schema\/logo\/image\/","url":"https:\/\/mallet.adv.br\/wp-content\/uploads\/2025\/11\/Logo_Mallet_Buscadores.jpg","contentUrl":"https:\/\/mallet.adv.br\/wp-content\/uploads\/2025\/11\/Logo_Mallet_Buscadores.jpg","width":500,"height":500,"caption":"Mallet Advogados"},"image":{"@id":"https:\/\/mallet.adv.br\/#\/schema\/logo\/image\/"},"sameAs":["https:\/\/www.linkedin.com\/company\/mallet-advogados-e-associados\/"]}]}},"_links":{"self":[{"href":"https:\/\/mallet.adv.br\/en\/wp-json\/wp\/v2\/pages\/13","targetHints":{"allow":["GET"]}}],"collection":[{"href":"https:\/\/mallet.adv.br\/en\/wp-json\/wp\/v2\/pages"}],"about":[{"href":"https:\/\/mallet.adv.br\/en\/wp-json\/wp\/v2\/types\/page"}],"author":[{"embeddable":true,"href":"https:\/\/mallet.adv.br\/en\/wp-json\/wp\/v2\/users\/1"}],"replies":[{"embeddable":true,"href":"https:\/\/mallet.adv.br\/en\/wp-json\/wp\/v2\/comments?post=13"}],"version-history":[{"count":36,"href":"https:\/\/mallet.adv.br\/en\/wp-json\/wp\/v2\/pages\/13\/revisions"}],"predecessor-version":[{"id":21256,"href":"https:\/\/mallet.adv.br\/en\/wp-json\/wp\/v2\/pages\/13\/revisions\/21256"}],"wp:attachment":[{"href":"https:\/\/mallet.adv.br\/en\/wp-json\/wp\/v2\/media?parent=13"}],"curies":[{"name":"wp","href":"https:\/\/api.w.org\/{rel}","templated":true}]}}